{"id":61,"date":"2025-07-18T16:30:47","date_gmt":"2025-07-18T16:30:47","guid":{"rendered":"https:\/\/wedzonka.com\/?page_id=61"},"modified":"2025-07-18T16:33:57","modified_gmt":"2025-07-18T16:33:57","slug":"o-firmie","status":"publish","type":"page","link":"https:\/\/wedzonka.com\/index.php\/o-firmie\/","title":{"rendered":"O FIRMIE"},"content":{"rendered":"\n<p>Pocz\u0105tki dzia\u0142alno\u015bci przedsi\u0119biorstwa \u201eW\u0118DZONKA Sp. z o. o.\u201d Sp\u00f3\u0142ka Komandytowa si\u0119gaj\u0105 roku<br>1980, kiedy to J\u00f3zef G\u00f3rka, obecny Prezes Zarz\u0105du komplementariusza \u201eW\u0118DZONKA Sp. z o. o.\u201d Sp\u00f3\u0142ka<br>Komandytowa, obj\u0105\u0142 zarz\u0105dzanie w masarni stanowi\u0105cej w\u0142asno\u015b\u0107 PSS Spo\u0142em My\u015blenice.<\/p>\n\n\n\n<p>W roku 1994 przy ul. S\u0142owackiego 100 w My\u015blenicach J\u00f3zef G\u00f3rka wybudowa\u0142 nowoczesny zak\u0142ad<br>mi\u0119sno &#8211; w\u0119dliniarski i tam rozpocz\u0105\u0142 swoj\u0105 dzia\u0142alno\u015b\u0107 gospodarcz\u0105. Zwi\u0119kszaj\u0105ce si\u0119 z roku na rok<br>zapotrzebowanie na wyroby produkowane przez Zak\u0142ad Uboju i Przetw\u00f3rstwa Mi\u0119snego<br>\u201eW\u0118DZONKA\u201d J\u00f3zef G\u00f3rka oraz umiej\u0119tne zarz\u0105dzanie przedsi\u0119biorstwem przez J\u00f3zefa G\u00f3rk\u0119<br>doprowadzi\u0142y do kolejnej rozbudowy zak\u0142adu, w wyniku kt\u00f3rej powsta\u0142y dwie nowoczesne linie<br>ubojowe wieprzowa i wo\u0142owa zwi\u0119kszaj\u0105ca moc przerobow\u0105 \u201eW\u0119dzonki\u201d.<\/p>\n\n\n\n<p>W listopadzie 2009 r. J\u00f3zef G\u00f3rka dokona\u0142 wniesienia przedsi\u0119biorstwa dzia\u0142aj\u0105cego pod firm\u0105 Zak\u0142ad<br>Uboju i Przetw\u00f3rstwa Mi\u0119snego \u201eW\u0118DZONKA\u201d J\u00f3zef G\u00f3rka do sp\u00f3\u0142ki \u201eW\u0118DZONKA Sp. z o. o.\u201d Sp\u00f3\u0142ka<br>Komandytowa i w tej formie funkcjonuje do chwili obecnej.<\/p>\n\n\n\n<p>Od pocz\u0105tku istnienia przedsi\u0119biorstwa J\u00f3zef G\u00f3rka przywi\u0105zuje du\u017c\u0105 wag\u0119 do spe\u0142nienia oczekiwa\u0144<br>swoich klient\u00f3w. Rosn\u0105ce wymagania motywuj\u0105 ca\u0142y zesp\u00f3\u0142 \u201eW\u0118DZONKA Sp. z o. o.\u201d Sp\u00f3\u0142ka<br>Komandytowa do wyt\u0119\u017conej pracy i nieustannego podnoszenia swoich kwalifikacji. Najlepszym tego<br>\u015bwiadectwem jest uzyskanie przez przedsi\u0119biorstwo kategorii \u201eA\u201d oraz wdro\u017cenie systemu HACCP. W<br>trakcie swojego funkcjonowania \u201eW\u0118DZONKA\u201d by\u0142a doceniana przez r\u00f3\u017cne szacowne gremia, czego<br>dowodem s\u0105 liczne nagrody i wyr\u00f3\u017cnienia, spo\u015br\u00f3d kt\u00f3rych za szczeg\u00f3lne wyr\u00f3\u017cnienie mo\u017cna uzna\u0107<br>uzyskanie w 2013 roku znaku jako\u015bci Teraz Polska. W 2014 \u201eW\u0118DZONKA\u201d zosta\u0142a wyr\u00f3\u017cniona tak\u017ce<br>jako \u201eLider Restrukturyzacji za koncepcj\u0119 oraz rzeteln\u0105 realizacj\u0119 dzia\u0142a\u0144 produkcyjnych i<br>organizacyjnych\u201d, za\u015b 2016 rok przyni\u00f3s\u0142 sp\u00f3\u0142ce odznaczenie \u201eWzorowej Firmy w zakresie<br>przetw\u00f3rstwa mi\u0119snego i produkcji\u201d.<\/p>\n\n\n\n<p>Wachlarz odbiorc\u00f3w \u201eW\u0118DZONKA Sp. z o. o.\u201d Sp\u00f3\u0142ka Komandytowa jest bardzo r\u00f3\u017cnorodny.<br>\u201eW\u0118DZONKA\u201d zaopatruje w swoje wyroby mi\u0119sno &#8211; w\u0119dliniarskie w szczeg\u00f3lno\u015bci Jednostki Wojskowe,<br>Zak\u0142ady Karne, Domy Pomocy Spo\u0142ecznej, jak r\u00f3wnie\u017c indywidualnych przedsi\u0119biorc\u00f3w. Szeroki<br>asortyment naszych wyrob\u00f3w dost\u0119pny jest tak\u017ce w sieciach handlowych takich jak Kaufland oraz<br>Lewiatan. \u201eW\u0118DZONKA Sp. z o. o.\u201d Sp\u00f3\u0142ka Komandytowa by\u0142a tak\u017ce jednym z organizator\u00f3w, kt\u00f3rzy<br>przygotowywali posi\u0142ki podczas \u015awiatowych Dni M\u0142odzie\u017cy odbywaj\u0105cych si\u0119 w 2017 r. w Krakowie.<\/p>\n\n\n\n<p><br><\/p>\n","protected":false},"excerpt":{"rendered":"<p>Pocz\u0105tki dzia\u0142alno\u015bci przedsi\u0119biorstwa \u201eW\u0118DZONKA Sp. z o. o.\u201d Sp\u00f3\u0142ka Komandytowa si\u0119gaj\u0105 roku1980, kiedy to J\u00f3zef G\u00f3rka, obecny Prezes Zarz\u0105du komplementariusza \u201eW\u0118DZONKA Sp. z o. o.\u201d Sp\u00f3\u0142kaKomandytowa, obj\u0105\u0142 zarz\u0105dzanie w masarni stanowi\u0105cej w\u0142asno\u015b\u0107 PSS Spo\u0142em My\u015blenice. W roku 1994 przy ul. S\u0142owackiego 100 w My\u015blenicach J\u00f3zef G\u00f3rka wybudowa\u0142 nowoczesny zak\u0142admi\u0119sno &#8211; [&hellip;]<\/p>\n","protected":false},"author":2,"featured_media":10,"parent":0,"menu_order":0,"comment_status":"closed","ping_status":"closed","template":"","meta":{"footnotes":""},"class_list":["post-61","page","type-page","status-publish","has-post-thumbnail","hentry"],"_links":{"self":[{"href":"https:\/\/wedzonka.com\/index.php\/wp-json\/wp\/v2\/pages\/61","targetHints":{"allow":["GET"]}}],"collection":[{"href":"https:\/\/wedzonka.com\/index.php\/wp-json\/wp\/v2\/pages"}],"about":[{"href":"https:\/\/wedzonka.com\/index.php\/wp-json\/wp\/v2\/types\/page"}],"author":[{"embeddable":true,"href":"https:\/\/wedzonka.com\/index.php\/wp-json\/wp\/v2\/users\/2"}],"replies":[{"embeddable":true,"href":"https:\/\/wedzonka.com\/index.php\/wp-json\/wp\/v2\/comments?post=61"}],"version-history":[{"count":1,"href":"https:\/\/wedzonka.com\/index.php\/wp-json\/wp\/v2\/pages\/61\/revisions"}],"predecessor-version":[{"id":62,"href":"https:\/\/wedzonka.com\/index.php\/wp-json\/wp\/v2\/pages\/61\/revisions\/62"}],"wp:featuredmedia":[{"embeddable":true,"href":"https:\/\/wedzonka.com\/index.php\/wp-json\/wp\/v2\/media\/10"}],"wp:attachment":[{"href":"https:\/\/wedzonka.com\/index.php\/wp-json\/wp\/v2\/media?parent=61"}],"curies":[{"name":"wp","href":"https:\/\/api.w.org\/{rel}","templated":true}]}}