{"id":20,"date":"2025-07-18T15:28:49","date_gmt":"2025-07-18T15:28:49","guid":{"rendered":"https:\/\/wedzonka.com\/?page_id=20"},"modified":"2025-07-21T13:11:32","modified_gmt":"2025-07-21T13:11:32","slug":"strona-glowna","status":"publish","type":"page","link":"https:\/\/wedzonka.com\/","title":{"rendered":"Strona g\u0142\u00f3wna"},"content":{"rendered":"\n<div class=\"wp-block-cover alignfull is-light hestia-clear-top-padding\"><span aria-hidden=\"true\" class=\"wp-block-cover__background has-white-background-color has-background-dim-100 has-background-dim\"><\/span><div class=\"wp-block-cover__inner-container is-layout-flow wp-block-cover-is-layout-flow\">\n<h2 class=\"wp-block-heading has-text-align-center has-text-color\" style=\"color:#3c4858\"><br>\u201eW\u0118DZONKA Sp. z o. o.\u201d Sp\u00f3\u0142ka Komandytowa<\/h2>\n\n\n\n<div style=\"height:40px\" aria-hidden=\"true\" class=\"wp-block-spacer\"><\/div>\n\n\n\n<div class=\"wp-block-columns container is-layout-flex wp-container-core-columns-is-layout-28f84493 wp-block-columns-is-layout-flex\">\n<div class=\"wp-block-column is-layout-flow wp-block-column-is-layout-flow\"><div class=\"wp-block-image\">\n<figure class=\"aligncenter size-large\"><img loading=\"lazy\" decoding=\"async\" width=\"1024\" height=\"688\" src=\"https:\/\/wedzonka.com\/wp-content\/uploads\/2025\/07\/W1-1024x688.png\" alt=\"\" class=\"wp-image-88\" srcset=\"https:\/\/wedzonka.com\/wp-content\/uploads\/2025\/07\/W1-1024x688.png 1024w, https:\/\/wedzonka.com\/wp-content\/uploads\/2025\/07\/W1-300x202.png 300w, https:\/\/wedzonka.com\/wp-content\/uploads\/2025\/07\/W1-768x516.png 768w, https:\/\/wedzonka.com\/wp-content\/uploads\/2025\/07\/W1.png 1251w\" sizes=\"auto, (max-width: 1024px) 100vw, 1024px\" \/><\/figure>\n<\/div>\n\n\n<div style=\"height:0px\" aria-hidden=\"true\" class=\"wp-block-spacer\"><\/div>\n\n\n\n<p class=\"has-text-align-center\">Zaopatruje w swoje wyroby mi\u0119sno &#8211; w\u0119dliniarskie w szczeg\u00f3lno\u015bci Jednostki Wojskowe, Zak\u0142ady Karne, Domy Pomocy Spo\u0142ecznej, jak r\u00f3wnie\u017c indywidualnych przedsi\u0119biorc\u00f3w.<\/p>\n<\/div>\n\n\n\n<div class=\"wp-block-column is-layout-flow wp-block-column-is-layout-flow\"><div class=\"wp-block-image\">\n<figure class=\"aligncenter size-large\"><img loading=\"lazy\" decoding=\"async\" width=\"1024\" height=\"688\" src=\"https:\/\/wedzonka.com\/wp-content\/uploads\/2025\/07\/W2-1024x688.png\" alt=\"\" class=\"wp-image-89\" srcset=\"https:\/\/wedzonka.com\/wp-content\/uploads\/2025\/07\/W2-1024x688.png 1024w, https:\/\/wedzonka.com\/wp-content\/uploads\/2025\/07\/W2-300x202.png 300w, https:\/\/wedzonka.com\/wp-content\/uploads\/2025\/07\/W2-768x516.png 768w, https:\/\/wedzonka.com\/wp-content\/uploads\/2025\/07\/W2.png 1251w\" sizes=\"auto, (max-width: 1024px) 100vw, 1024px\" \/><\/figure>\n<\/div>\n\n\n<div style=\"height:0px\" aria-hidden=\"true\" class=\"wp-block-spacer\"><\/div>\n\n\n\n<p class=\"has-text-align-center\">Szeroki<br>asortyment naszych wyrob\u00f3w dost\u0119pny jest tak\u017ce w sieciach handlowych takich jak Kaufland oraz<br>Lewiatan.<\/p>\n<\/div>\n\n\n\n<div class=\"wp-block-column is-layout-flow wp-block-column-is-layout-flow\"><div class=\"wp-block-image\">\n<figure class=\"aligncenter size-large\"><img loading=\"lazy\" decoding=\"async\" width=\"1024\" height=\"688\" src=\"https:\/\/wedzonka.com\/wp-content\/uploads\/2025\/07\/W3-1024x688.png\" alt=\"\" class=\"wp-image-90\" srcset=\"https:\/\/wedzonka.com\/wp-content\/uploads\/2025\/07\/W3-1024x688.png 1024w, https:\/\/wedzonka.com\/wp-content\/uploads\/2025\/07\/W3-300x202.png 300w, https:\/\/wedzonka.com\/wp-content\/uploads\/2025\/07\/W3-768x516.png 768w, https:\/\/wedzonka.com\/wp-content\/uploads\/2025\/07\/W3.png 1251w\" sizes=\"auto, (max-width: 1024px) 100vw, 1024px\" \/><\/figure>\n<\/div>\n\n\n<div style=\"height:25px\" aria-hidden=\"true\" class=\"wp-block-spacer\"><\/div>\n\n\n\n<p class=\"has-text-align-center\">Byli\u015bmy jednym z organizator\u00f3w, kt\u00f3rzy<br>przygotowywali posi\u0142ki podczas \u015awiatowych Dni M\u0142odzie\u017cy odbywaj\u0105cych si\u0119 w 2017 r. w Krakowie.<\/p>\n<\/div>\n<\/div>\n\n\n\n<div style=\"height:0px\" aria-hidden=\"true\" class=\"wp-block-spacer\"><\/div>\n\n\n\n<div class=\"wp-block-buttons is-content-justification-center is-layout-flex wp-container-core-buttons-is-layout-86e1f5e2 wp-block-buttons-is-layout-flex\">\n<div class=\"wp-block-button is-style-fill\"><a class=\"wp-block-button__link has-text-align-center wp-element-button\" href=\"https:\/\/wedzonka.com\/index.php\/o-firmie\/\">O FIRMIE<\/a><\/div>\n<\/div>\n<\/div><\/div>\n\n\n\n<div class=\"wp-block-columns container is-layout-flex wp-container-core-columns-is-layout-28f84493 wp-block-columns-is-layout-flex\">\n<div class=\"wp-block-column col-md-5 is-layout-flow wp-block-column-is-layout-flow\">\n<hr class=\"wp-block-separator has-alpha-channel-opacity is-style-wide\"\/>\n<\/div>\n<\/div>\n\n\n\n<div class=\"wp-block-columns is-layout-flex wp-container-core-columns-is-layout-28f84493 wp-block-columns-is-layout-flex\">\n<div class=\"wp-block-column is-layout-flow wp-block-column-is-layout-flow\"><div class=\"wp-block-image\">\n<figure class=\"aligncenter size-full\"><img loading=\"lazy\" decoding=\"async\" width=\"123\" height=\"92\" src=\"https:\/\/wedzonka.com\/wp-content\/uploads\/2025\/07\/KPO.png\" alt=\"\" class=\"wp-image-79\"\/><\/figure>\n<\/div><\/div>\n\n\n\n<div class=\"wp-block-column is-layout-flow wp-block-column-is-layout-flow\"><div class=\"wp-block-image\">\n<figure class=\"aligncenter size-full\"><img loading=\"lazy\" decoding=\"async\" width=\"123\" height=\"92\" src=\"https:\/\/wedzonka.com\/wp-content\/uploads\/2025\/07\/RP.png\" alt=\"\" class=\"wp-image-80\"\/><\/figure>\n<\/div><\/div>\n\n\n\n<div class=\"wp-block-column is-layout-flow wp-block-column-is-layout-flow\"><div class=\"wp-block-image\">\n<figure class=\"aligncenter size-full\"><img loading=\"lazy\" decoding=\"async\" width=\"123\" height=\"92\" src=\"https:\/\/wedzonka.com\/wp-content\/uploads\/2025\/07\/EU.png\" alt=\"\" class=\"wp-image-81\"\/><\/figure>\n<\/div><\/div>\n<\/div>\n\n\n\n<div class=\"wp-block-buttons is-content-justification-center is-layout-flex wp-container-core-buttons-is-layout-a89b3969 wp-block-buttons-is-layout-flex\">\n<div class=\"wp-block-button\"><a class=\"wp-block-button__link has-text-align-center wp-element-button\" href=\"https:\/\/wedzonka.com\/index.php\/kpo\/\">WI\u0118CEJ O FINANSOWANIU Z KPO<\/a><\/div>\n<\/div>\n","protected":false},"excerpt":{"rendered":"","protected":false},"author":2,"featured_media":0,"parent":0,"menu_order":0,"comment_status":"closed","ping_status":"closed","template":"","meta":{"footnotes":""},"class_list":["post-20","page","type-page","status-publish","hentry"],"_links":{"self":[{"href":"https:\/\/wedzonka.com\/index.php\/wp-json\/wp\/v2\/pages\/20","targetHints":{"allow":["GET"]}}],"collection":[{"href":"https:\/\/wedzonka.com\/index.php\/wp-json\/wp\/v2\/pages"}],"about":[{"href":"https:\/\/wedzonka.com\/index.php\/wp-json\/wp\/v2\/types\/page"}],"author":[{"embeddable":true,"href":"https:\/\/wedzonka.com\/index.php\/wp-json\/wp\/v2\/users\/2"}],"replies":[{"embeddable":true,"href":"https:\/\/wedzonka.com\/index.php\/wp-json\/wp\/v2\/comments?post=20"}],"version-history":[{"count":9,"href":"https:\/\/wedzonka.com\/index.php\/wp-json\/wp\/v2\/pages\/20\/revisions"}],"predecessor-version":[{"id":106,"href":"https:\/\/wedzonka.com\/index.php\/wp-json\/wp\/v2\/pages\/20\/revisions\/106"}],"wp:attachment":[{"href":"https:\/\/wedzonka.com\/index.php\/wp-json\/wp\/v2\/media?parent=20"}],"curies":[{"name":"wp","href":"https:\/\/api.w.org\/{rel}","templated":true}]}}