{"id":103,"date":"2025-07-21T13:09:34","date_gmt":"2025-07-21T13:09:34","guid":{"rendered":"https:\/\/wedzonka.com\/?page_id=103"},"modified":"2025-07-21T13:14:43","modified_gmt":"2025-07-21T13:14:43","slug":"kpo","status":"publish","type":"page","link":"https:\/\/wedzonka.com\/index.php\/kpo\/","title":{"rendered":"KPO"},"content":{"rendered":"\n<p><strong>Modernizacja zak\u0142adu przetw\u00f3rstwa mi\u0119sa<\/strong>.<br>Zakupu i monta\u017c nowoczesnych maszyn do przetw\u00f3rstwa mi\u0119sa, instalacji fotowoltaicznej oraz \u015brodk\u00f3w transportu realizowany w ramach dzia\u0142ania A1.4.1 \u201eInwestycje na rzecz dywersyfikacji i skracania \u0142a\u0144cucha dostaw produkt\u00f3w rolnych i spo\u017cywczych oraz budowy odporno\u015bci\u201d Krajowego Planu Odbudowy. Warto\u015b\u0107 przedsi\u0119wzi\u0119cia przekracza 6,4 mln z\u0142 brutto, z czego ponad 2,5 mln z\u0142 stanowi\u0105 bezzwrotne \u015brodki Unii Europejskiej. Projekt jest wsp\u00f3\u0142finansowany przez Uni\u0119 Europejsk\u0105 i realizowany przy wsparciu Agencji Restrukturyzacji i Modernizacji Rolnictwa.<br>Dzi\u0119ki inwestycji zwi\u0119kszamy efektywno\u015b\u0107 energetyczn\u0105, wprowadzamy innowacyjne technologie i wzmacniamy nasz\u0105 pozycj\u0119 na rynku rolno-spo\u017cywczym.<\/p>\n\n\n\n<div class=\"wp-block-columns is-layout-flex wp-container-core-columns-is-layout-28f84493 wp-block-columns-is-layout-flex\">\n<div class=\"wp-block-column is-layout-flow wp-block-column-is-layout-flow\">\n<figure class=\"wp-block-image size-full\"><img loading=\"lazy\" decoding=\"async\" width=\"123\" height=\"92\" src=\"https:\/\/wedzonka.com\/wp-content\/uploads\/2025\/07\/KPO.png\" alt=\"\" class=\"wp-image-79\"\/><\/figure>\n<\/div>\n\n\n\n<div class=\"wp-block-column is-layout-flow wp-block-column-is-layout-flow\">\n<figure class=\"wp-block-image size-full\"><img loading=\"lazy\" decoding=\"async\" width=\"123\" height=\"92\" src=\"https:\/\/wedzonka.com\/wp-content\/uploads\/2025\/07\/RP.png\" alt=\"\" class=\"wp-image-80\"\/><\/figure>\n<\/div>\n\n\n\n<div class=\"wp-block-column is-layout-flow wp-block-column-is-layout-flow\">\n<figure class=\"wp-block-image size-full\"><img loading=\"lazy\" decoding=\"async\" width=\"123\" height=\"92\" src=\"https:\/\/wedzonka.com\/wp-content\/uploads\/2025\/07\/EU.png\" alt=\"\" class=\"wp-image-81\"\/><\/figure>\n<\/div>\n<\/div>\n\n\n\n<p><\/p>\n","protected":false},"excerpt":{"rendered":"<p>Modernizacja zak\u0142adu przetw\u00f3rstwa mi\u0119sa.Zakupu i monta\u017c nowoczesnych maszyn do przetw\u00f3rstwa mi\u0119sa, instalacji fotowoltaicznej oraz \u015brodk\u00f3w transportu realizowany w ramach dzia\u0142ania A1.4.1 \u201eInwestycje na rzecz dywersyfikacji i skracania \u0142a\u0144cucha dostaw produkt\u00f3w rolnych i spo\u017cywczych oraz budowy odporno\u015bci\u201d Krajowego Planu Odbudowy. Warto\u015b\u0107 przedsi\u0119wzi\u0119cia przekracza 6,4 mln z\u0142 brutto, z czego ponad 2,5 [&hellip;]<\/p>\n","protected":false},"author":2,"featured_media":0,"parent":0,"menu_order":0,"comment_status":"closed","ping_status":"closed","template":"","meta":{"footnotes":""},"class_list":["post-103","page","type-page","status-publish","hentry"],"_links":{"self":[{"href":"https:\/\/wedzonka.com\/index.php\/wp-json\/wp\/v2\/pages\/103","targetHints":{"allow":["GET"]}}],"collection":[{"href":"https:\/\/wedzonka.com\/index.php\/wp-json\/wp\/v2\/pages"}],"about":[{"href":"https:\/\/wedzonka.com\/index.php\/wp-json\/wp\/v2\/types\/page"}],"author":[{"embeddable":true,"href":"https:\/\/wedzonka.com\/index.php\/wp-json\/wp\/v2\/users\/2"}],"replies":[{"embeddable":true,"href":"https:\/\/wedzonka.com\/index.php\/wp-json\/wp\/v2\/comments?post=103"}],"version-history":[{"count":2,"href":"https:\/\/wedzonka.com\/index.php\/wp-json\/wp\/v2\/pages\/103\/revisions"}],"predecessor-version":[{"id":108,"href":"https:\/\/wedzonka.com\/index.php\/wp-json\/wp\/v2\/pages\/103\/revisions\/108"}],"wp:attachment":[{"href":"https:\/\/wedzonka.com\/index.php\/wp-json\/wp\/v2\/media?parent=103"}],"curies":[{"name":"wp","href":"https:\/\/api.w.org\/{rel}","templated":true}]}}